{"id":28,"date":"2026-05-01T04:29:10","date_gmt":"2026-05-01T04:29:10","guid":{"rendered":"https:\/\/find-en-ting.shop\/?page_id=28"},"modified":"2026-05-01T05:32:22","modified_gmt":"2026-05-01T05:32:22","slug":"om-os","status":"publish","type":"page","link":"https:\/\/find-en-ting.shop\/?page_id=28","title":{"rendered":"Om Os"},"content":{"rendered":"\n<p>Vi hj\u00e6lper med at finde varer, rundt i Danmark og deler et link dertil.<\/p>\n\n\n\n<p>Vi f\u00e5r for det meste en kommision a salget.<\/p>\n\n\n\n<p>Hvis der er en vare, du har sv\u00e6rt ved at finde, kan du skrive til os, under Kontakt, og vi g\u00f8r hvad vi kan for at finde et salgsstedog ligger det ud her<\/p>\n","protected":false},"excerpt":{"rendered":"<p>Vi hj\u00e6lper med at finde varer, rundt i Danmark og deler et link dertil. Vi f\u00e5r for det meste en kommision a salget. Hvis der er en vare, du har sv\u00e6rt ved at finde, kan du skrive til os, under Kontakt, og vi g\u00f8r hvad vi kan for at finde et salgsstedog ligger det ud [&hellip;]<\/p>\n","protected":false},"author":1,"featured_media":0,"parent":0,"menu_order":0,"comment_status":"closed","ping_status":"closed","template":"","meta":{"footnotes":""},"class_list":["post-28","page","type-page","status-publish","hentry"],"yoast_head":"<!-- This site is optimized with the Yoast SEO plugin v27.5 - https:\/\/yoast.com\/product\/yoast-seo-wordpress\/ -->\n<title>Om Os - Find en Ting<\/title>\n<meta name=\"robots\" content=\"index, follow, max-snippet:-1, max-image-preview:large, max-video-preview:-1\" \/>\n<link rel=\"canonical\" href=\"https:\/\/find-en-ting.shop\/?page_id=28\" \/>\n<meta property=\"og:locale\" content=\"da_DK\" \/>\n<meta property=\"og:type\" content=\"article\" \/>\n<meta property=\"og:title\" content=\"Om Os - Find en Ting\" \/>\n<meta property=\"og:description\" content=\"Vi hj\u00e6lper med at finde varer, rundt i Danmark og deler et link dertil. Vi f\u00e5r for det meste en kommision a salget. Hvis der er en vare, du har sv\u00e6rt ved at finde, kan du skrive til os, under Kontakt, og vi g\u00f8r hvad vi kan for at finde et salgsstedog ligger det ud [&hellip;]\" \/>\n<meta property=\"og:url\" content=\"https:\/\/find-en-ting.shop\/?page_id=28\" \/>\n<meta property=\"og:site_name\" content=\"Find en Ting\" \/>\n<meta property=\"article:modified_time\" content=\"2026-05-01T05:32:22+00:00\" \/>\n<meta name=\"twitter:card\" content=\"summary_large_image\" \/>\n<meta name=\"twitter:label1\" content=\"Estimeret l\u00e6setid\" \/>\n\t<meta name=\"twitter:data1\" content=\"1 minut\" \/>\n<script type=\"application\/ld+json\" class=\"yoast-schema-graph\">{\"@context\":\"https:\\\/\\\/schema.org\",\"@graph\":[{\"@type\":\"WebPage\",\"@id\":\"https:\\\/\\\/find-en-ting.shop\\\/?page_id=28\",\"url\":\"https:\\\/\\\/find-en-ting.shop\\\/?page_id=28\",\"name\":\"Om Os - Find en Ting\",\"isPartOf\":{\"@id\":\"https:\\\/\\\/find-en-ting.shop\\\/#website\"},\"datePublished\":\"2026-05-01T04:29:10+00:00\",\"dateModified\":\"2026-05-01T05:32:22+00:00\",\"breadcrumb\":{\"@id\":\"https:\\\/\\\/find-en-ting.shop\\\/?page_id=28#breadcrumb\"},\"inLanguage\":\"da-DK\",\"potentialAction\":[{\"@type\":\"ReadAction\",\"target\":[\"https:\\\/\\\/find-en-ting.shop\\\/?page_id=28\"]}]},{\"@type\":\"BreadcrumbList\",\"@id\":\"https:\\\/\\\/find-en-ting.shop\\\/?page_id=28#breadcrumb\",\"itemListElement\":[{\"@type\":\"ListItem\",\"position\":1,\"name\":\"Hjem\",\"item\":\"https:\\\/\\\/find-en-ting.shop\\\/\"},{\"@type\":\"ListItem\",\"position\":2,\"name\":\"Om Os\"}]},{\"@type\":\"WebSite\",\"@id\":\"https:\\\/\\\/find-en-ting.shop\\\/#website\",\"url\":\"https:\\\/\\\/find-en-ting.shop\\\/\",\"name\":\"Find en Ting\",\"description\":\"\",\"potentialAction\":[{\"@type\":\"SearchAction\",\"target\":{\"@type\":\"EntryPoint\",\"urlTemplate\":\"https:\\\/\\\/find-en-ting.shop\\\/?s={search_term_string}\"},\"query-input\":{\"@type\":\"PropertyValueSpecification\",\"valueRequired\":true,\"valueName\":\"search_term_string\"}}],\"inLanguage\":\"da-DK\"}]}<\/script>\n<!-- \/ Yoast SEO plugin. -->","yoast_head_json":{"title":"Om Os - Find en Ting","robots":{"index":"index","follow":"follow","max-snippet":"max-snippet:-1","max-image-preview":"max-image-preview:large","max-video-preview":"max-video-preview:-1"},"canonical":"https:\/\/find-en-ting.shop\/?page_id=28","og_locale":"da_DK","og_type":"article","og_title":"Om Os - Find en Ting","og_description":"Vi hj\u00e6lper med at finde varer, rundt i Danmark og deler et link dertil. Vi f\u00e5r for det meste en kommision a salget. Hvis der er en vare, du har sv\u00e6rt ved at finde, kan du skrive til os, under Kontakt, og vi g\u00f8r hvad vi kan for at finde et salgsstedog ligger det ud [&hellip;]","og_url":"https:\/\/find-en-ting.shop\/?page_id=28","og_site_name":"Find en Ting","article_modified_time":"2026-05-01T05:32:22+00:00","twitter_card":"summary_large_image","twitter_misc":{"Estimeret l\u00e6setid":"1 minut"},"schema":{"@context":"https:\/\/schema.org","@graph":[{"@type":"WebPage","@id":"https:\/\/find-en-ting.shop\/?page_id=28","url":"https:\/\/find-en-ting.shop\/?page_id=28","name":"Om Os - Find en Ting","isPartOf":{"@id":"https:\/\/find-en-ting.shop\/#website"},"datePublished":"2026-05-01T04:29:10+00:00","dateModified":"2026-05-01T05:32:22+00:00","breadcrumb":{"@id":"https:\/\/find-en-ting.shop\/?page_id=28#breadcrumb"},"inLanguage":"da-DK","potentialAction":[{"@type":"ReadAction","target":["https:\/\/find-en-ting.shop\/?page_id=28"]}]},{"@type":"BreadcrumbList","@id":"https:\/\/find-en-ting.shop\/?page_id=28#breadcrumb","itemListElement":[{"@type":"ListItem","position":1,"name":"Hjem","item":"https:\/\/find-en-ting.shop\/"},{"@type":"ListItem","position":2,"name":"Om Os"}]},{"@type":"WebSite","@id":"https:\/\/find-en-ting.shop\/#website","url":"https:\/\/find-en-ting.shop\/","name":"Find en Ting","description":"","potentialAction":[{"@type":"SearchAction","target":{"@type":"EntryPoint","urlTemplate":"https:\/\/find-en-ting.shop\/?s={search_term_string}"},"query-input":{"@type":"PropertyValueSpecification","valueRequired":true,"valueName":"search_term_string"}}],"inLanguage":"da-DK"}]}},"_links":{"self":[{"href":"https:\/\/find-en-ting.shop\/index.php?rest_route=\/wp\/v2\/pages\/28","targetHints":{"allow":["GET"]}}],"collection":[{"href":"https:\/\/find-en-ting.shop\/index.php?rest_route=\/wp\/v2\/pages"}],"about":[{"href":"https:\/\/find-en-ting.shop\/index.php?rest_route=\/wp\/v2\/types\/page"}],"author":[{"embeddable":true,"href":"https:\/\/find-en-ting.shop\/index.php?rest_route=\/wp\/v2\/users\/1"}],"replies":[{"embeddable":true,"href":"https:\/\/find-en-ting.shop\/index.php?rest_route=%2Fwp%2Fv2%2Fcomments&post=28"}],"version-history":[{"count":3,"href":"https:\/\/find-en-ting.shop\/index.php?rest_route=\/wp\/v2\/pages\/28\/revisions"}],"predecessor-version":[{"id":47,"href":"https:\/\/find-en-ting.shop\/index.php?rest_route=\/wp\/v2\/pages\/28\/revisions\/47"}],"wp:attachment":[{"href":"https:\/\/find-en-ting.shop\/index.php?rest_route=%2Fwp%2Fv2%2Fmedia&parent=28"}],"curies":[{"name":"wp","href":"https:\/\/api.w.org\/{rel}","templated":true}]}}