{"id":36,"date":"2026-05-01T05:02:32","date_gmt":"2026-05-01T05:02:32","guid":{"rendered":"https:\/\/find-en-ting.shop\/?post_type=product&#038;p=36"},"modified":"2026-05-01T05:04:48","modified_gmt":"2026-05-01T05:04:48","slug":"36","status":"publish","type":"product","link":"https:\/\/find-en-ting.shop\/?product=36","title":{"rendered":"Kun En Pige &#8211; DVD &#8211; Film"},"content":{"rendered":"<p>Kun En Pige &#8211; DVD &#8211; Film<\/p>\n<p>Se eller gense en af nyere tids absolut st\u00f8rste danske filmproduktioner.<\/p>\n<p>PUK SCHARBAU spiller Lise N\u00f8rgaard i den episke filmatisering af hendes betagende livshistorie. I en kr\u00f8nike om b\u00e5de krig og k\u00e6rlighed, mesterligt instrueret af Peter Schr\u00f8der, f\u00f8lger vi kvinden, som senere skulle give os &#8216;Matador&#8217;, fra hendes tidlige barndom til hendes kontroversielle journalistkarriere med et Danmark af i g\u00e5r, og et Europa i flammer som overbevisende kulisse.<\/p>\n<p>&nbsp;<\/p>\n<p><a href=\"https:\/\/www.partner-ads.com\/dk\/klikbanner.php?partnerid=56685&amp;bannerid=29407&amp;htmlurl=https:\/\/www.gucca.dk\/kun-en-pige-dvd-p2308?utm_source=pa&amp;utm_medium=cpc&amp;utm_campaign=pa\">K\u00f8b Hos Gucca Her<\/a><\/p>\n","protected":false},"excerpt":{"rendered":"<p>Kun En Pige &#8211; DVD &#8211; Film Se eller gense en af nyere tids absolut st\u00f8rste danske filmproduktioner. PUK SCHARBAU spiller Lise N\u00f8rgaard i den episke filmatisering af hendes betagende livshistorie. I en kr\u00f8nike om b\u00e5de krig og k\u00e6rlighed, mesterligt instrueret af Peter Schr\u00f8der, f\u00f8lger vi kvinden, som senere skulle give os &#8216;Matador&#8217;, fra hendes [&hellip;]<\/p>\n","protected":false},"featured_media":37,"comment_status":"open","ping_status":"closed","template":"","meta":[],"product_brand":[],"product_cat":[18,17],"product_tag":[],"class_list":{"0":"post-36","1":"product","2":"type-product","3":"status-publish","4":"has-post-thumbnail","6":"product_cat-dvd","7":"product_cat-film","9":"first","10":"instock","11":"shipping-taxable","12":"product-type-simple"},"yoast_head":"<!-- This site is optimized with the Yoast SEO plugin v27.5 - https:\/\/yoast.com\/product\/yoast-seo-wordpress\/ -->\n<title>Kun En Pige - DVD - Film - Find en Ting<\/title>\n<meta name=\"robots\" content=\"index, follow, max-snippet:-1, max-image-preview:large, max-video-preview:-1\" \/>\n<link rel=\"canonical\" href=\"https:\/\/find-en-ting.shop\/?product=36\" \/>\n<meta property=\"og:locale\" content=\"da_DK\" \/>\n<meta property=\"og:type\" content=\"article\" \/>\n<meta property=\"og:title\" content=\"Kun En Pige - DVD - Film - Find en Ting\" \/>\n<meta property=\"og:description\" content=\"Kun En Pige &#8211; DVD &#8211; Film Se eller gense en af nyere tids absolut st\u00f8rste danske filmproduktioner. PUK SCHARBAU spiller Lise N\u00f8rgaard i den episke filmatisering af hendes betagende livshistorie. I en kr\u00f8nike om b\u00e5de krig og k\u00e6rlighed, mesterligt instrueret af Peter Schr\u00f8der, f\u00f8lger vi kvinden, som senere skulle give os &#8216;Matador&#8217;, fra hendes [&hellip;]\" \/>\n<meta property=\"og:url\" content=\"https:\/\/find-en-ting.shop\/?product=36\" \/>\n<meta property=\"og:site_name\" content=\"Find en Ting\" \/>\n<meta property=\"article:modified_time\" content=\"2026-05-01T05:04:48+00:00\" \/>\n<meta property=\"og:image\" content=\"https:\/\/find-en-ting.shop\/wp-content\/uploads\/2026\/05\/kun-en-pige_2308.jpg\" \/>\n\t<meta property=\"og:image:width\" content=\"406\" \/>\n\t<meta property=\"og:image:height\" content=\"583\" \/>\n\t<meta property=\"og:image:type\" content=\"image\/jpeg\" \/>\n<meta name=\"twitter:card\" content=\"summary_large_image\" \/>\n<meta name=\"twitter:label1\" content=\"Estimeret l\u00e6setid\" \/>\n\t<meta name=\"twitter:data1\" content=\"1 minut\" \/>\n<script type=\"application\/ld+json\" class=\"yoast-schema-graph\">{\"@context\":\"https:\\\/\\\/schema.org\",\"@graph\":[{\"@type\":\"WebPage\",\"@id\":\"https:\\\/\\\/find-en-ting.shop\\\/?product=36\",\"url\":\"https:\\\/\\\/find-en-ting.shop\\\/?product=36\",\"name\":\"Kun En Pige - DVD - Film - Find en Ting\",\"isPartOf\":{\"@id\":\"https:\\\/\\\/find-en-ting.shop\\\/#website\"},\"primaryImageOfPage\":{\"@id\":\"https:\\\/\\\/find-en-ting.shop\\\/?product=36#primaryimage\"},\"image\":{\"@id\":\"https:\\\/\\\/find-en-ting.shop\\\/?product=36#primaryimage\"},\"thumbnailUrl\":\"https:\\\/\\\/find-en-ting.shop\\\/wp-content\\\/uploads\\\/2026\\\/05\\\/kun-en-pige_2308.jpg\",\"datePublished\":\"2026-05-01T05:02:32+00:00\",\"dateModified\":\"2026-05-01T05:04:48+00:00\",\"breadcrumb\":{\"@id\":\"https:\\\/\\\/find-en-ting.shop\\\/?product=36#breadcrumb\"},\"inLanguage\":\"da-DK\",\"potentialAction\":[{\"@type\":\"ReadAction\",\"target\":[\"https:\\\/\\\/find-en-ting.shop\\\/?product=36\"]}]},{\"@type\":\"ImageObject\",\"inLanguage\":\"da-DK\",\"@id\":\"https:\\\/\\\/find-en-ting.shop\\\/?product=36#primaryimage\",\"url\":\"https:\\\/\\\/find-en-ting.shop\\\/wp-content\\\/uploads\\\/2026\\\/05\\\/kun-en-pige_2308.jpg\",\"contentUrl\":\"https:\\\/\\\/find-en-ting.shop\\\/wp-content\\\/uploads\\\/2026\\\/05\\\/kun-en-pige_2308.jpg\",\"width\":406,\"height\":583},{\"@type\":\"BreadcrumbList\",\"@id\":\"https:\\\/\\\/find-en-ting.shop\\\/?product=36#breadcrumb\",\"itemListElement\":[{\"@type\":\"ListItem\",\"position\":1,\"name\":\"Hjem\",\"item\":\"https:\\\/\\\/find-en-ting.shop\\\/\"},{\"@type\":\"ListItem\",\"position\":2,\"name\":\"Shop\",\"item\":\"https:\\\/\\\/find-en-ting.shop\\\/\"},{\"@type\":\"ListItem\",\"position\":3,\"name\":\"Kun En Pige &#8211; DVD &#8211; Film\"}]},{\"@type\":\"WebSite\",\"@id\":\"https:\\\/\\\/find-en-ting.shop\\\/#website\",\"url\":\"https:\\\/\\\/find-en-ting.shop\\\/\",\"name\":\"Find en Ting\",\"description\":\"\",\"potentialAction\":[{\"@type\":\"SearchAction\",\"target\":{\"@type\":\"EntryPoint\",\"urlTemplate\":\"https:\\\/\\\/find-en-ting.shop\\\/?s={search_term_string}\"},\"query-input\":{\"@type\":\"PropertyValueSpecification\",\"valueRequired\":true,\"valueName\":\"search_term_string\"}}],\"inLanguage\":\"da-DK\"}]}<\/script>\n<!-- \/ Yoast SEO plugin. -->","yoast_head_json":{"title":"Kun En Pige - DVD - Film - Find en Ting","robots":{"index":"index","follow":"follow","max-snippet":"max-snippet:-1","max-image-preview":"max-image-preview:large","max-video-preview":"max-video-preview:-1"},"canonical":"https:\/\/find-en-ting.shop\/?product=36","og_locale":"da_DK","og_type":"article","og_title":"Kun En Pige - DVD - Film - Find en Ting","og_description":"Kun En Pige &#8211; DVD &#8211; Film Se eller gense en af nyere tids absolut st\u00f8rste danske filmproduktioner. PUK SCHARBAU spiller Lise N\u00f8rgaard i den episke filmatisering af hendes betagende livshistorie. I en kr\u00f8nike om b\u00e5de krig og k\u00e6rlighed, mesterligt instrueret af Peter Schr\u00f8der, f\u00f8lger vi kvinden, som senere skulle give os &#8216;Matador&#8217;, fra hendes [&hellip;]","og_url":"https:\/\/find-en-ting.shop\/?product=36","og_site_name":"Find en Ting","article_modified_time":"2026-05-01T05:04:48+00:00","og_image":[{"width":406,"height":583,"url":"https:\/\/find-en-ting.shop\/wp-content\/uploads\/2026\/05\/kun-en-pige_2308.jpg","type":"image\/jpeg"}],"twitter_card":"summary_large_image","twitter_misc":{"Estimeret l\u00e6setid":"1 minut"},"schema":{"@context":"https:\/\/schema.org","@graph":[{"@type":"WebPage","@id":"https:\/\/find-en-ting.shop\/?product=36","url":"https:\/\/find-en-ting.shop\/?product=36","name":"Kun En Pige - DVD - Film - Find en Ting","isPartOf":{"@id":"https:\/\/find-en-ting.shop\/#website"},"primaryImageOfPage":{"@id":"https:\/\/find-en-ting.shop\/?product=36#primaryimage"},"image":{"@id":"https:\/\/find-en-ting.shop\/?product=36#primaryimage"},"thumbnailUrl":"https:\/\/find-en-ting.shop\/wp-content\/uploads\/2026\/05\/kun-en-pige_2308.jpg","datePublished":"2026-05-01T05:02:32+00:00","dateModified":"2026-05-01T05:04:48+00:00","breadcrumb":{"@id":"https:\/\/find-en-ting.shop\/?product=36#breadcrumb"},"inLanguage":"da-DK","potentialAction":[{"@type":"ReadAction","target":["https:\/\/find-en-ting.shop\/?product=36"]}]},{"@type":"ImageObject","inLanguage":"da-DK","@id":"https:\/\/find-en-ting.shop\/?product=36#primaryimage","url":"https:\/\/find-en-ting.shop\/wp-content\/uploads\/2026\/05\/kun-en-pige_2308.jpg","contentUrl":"https:\/\/find-en-ting.shop\/wp-content\/uploads\/2026\/05\/kun-en-pige_2308.jpg","width":406,"height":583},{"@type":"BreadcrumbList","@id":"https:\/\/find-en-ting.shop\/?product=36#breadcrumb","itemListElement":[{"@type":"ListItem","position":1,"name":"Hjem","item":"https:\/\/find-en-ting.shop\/"},{"@type":"ListItem","position":2,"name":"Shop","item":"https:\/\/find-en-ting.shop\/"},{"@type":"ListItem","position":3,"name":"Kun En Pige &#8211; DVD &#8211; Film"}]},{"@type":"WebSite","@id":"https:\/\/find-en-ting.shop\/#website","url":"https:\/\/find-en-ting.shop\/","name":"Find en Ting","description":"","potentialAction":[{"@type":"SearchAction","target":{"@type":"EntryPoint","urlTemplate":"https:\/\/find-en-ting.shop\/?s={search_term_string}"},"query-input":{"@type":"PropertyValueSpecification","valueRequired":true,"valueName":"search_term_string"}}],"inLanguage":"da-DK"}]}},"_links":{"self":[{"href":"https:\/\/find-en-ting.shop\/index.php?rest_route=\/wp\/v2\/product\/36","targetHints":{"allow":["GET"]}}],"collection":[{"href":"https:\/\/find-en-ting.shop\/index.php?rest_route=\/wp\/v2\/product"}],"about":[{"href":"https:\/\/find-en-ting.shop\/index.php?rest_route=\/wp\/v2\/types\/product"}],"replies":[{"embeddable":true,"href":"https:\/\/find-en-ting.shop\/index.php?rest_route=%2Fwp%2Fv2%2Fcomments&post=36"}],"wp:featuredmedia":[{"embeddable":true,"href":"https:\/\/find-en-ting.shop\/index.php?rest_route=\/wp\/v2\/media\/37"}],"wp:attachment":[{"href":"https:\/\/find-en-ting.shop\/index.php?rest_route=%2Fwp%2Fv2%2Fmedia&parent=36"}],"wp:term":[{"taxonomy":"product_brand","embeddable":true,"href":"https:\/\/find-en-ting.shop\/index.php?rest_route=%2Fwp%2Fv2%2Fproduct_brand&post=36"},{"taxonomy":"product_cat","embeddable":true,"href":"https:\/\/find-en-ting.shop\/index.php?rest_route=%2Fwp%2Fv2%2Fproduct_cat&post=36"},{"taxonomy":"product_tag","embeddable":true,"href":"https:\/\/find-en-ting.shop\/index.php?rest_route=%2Fwp%2Fv2%2Fproduct_tag&post=36"}],"curies":[{"name":"wp","href":"https:\/\/api.w.org\/{rel}","templated":true}]}}