{"id":39,"date":"2026-05-01T05:08:57","date_gmt":"2026-05-01T05:08:57","guid":{"rendered":"https:\/\/find-en-ting.shop\/?post_type=product&#038;p=39"},"modified":"2026-05-01T05:11:55","modified_gmt":"2026-05-01T05:11:55","slug":"kun-en-pige-bog","status":"publish","type":"product","link":"https:\/\/find-en-ting.shop\/?product=kun-en-pige-bog","title":{"rendered":"Kun En Pige &#8211; Bog"},"content":{"rendered":"<p>F\u00f8rste bind af de ber\u00f8mte erindringsb\u00f8ger om Lise N\u00f8rgaards barndom og ungdom i Roskilde, her som indbundet gavebog. Fra f\u00f8dslen &#8211; hvor hun n\u00e6rmest blev betragtet som en fejlleverance &#8211; til hun som atten\u00e5rig kom i l\u00e6re som journalist p\u00e5 Roskilde Dagblad. &#8220;Kun en pige er en storartet s\u00e6deskildring &#8230; Det er desuden en overordentlig morsom bog.&#8221; &#8211; Weekendavisen.<\/p>\n<p class=\"bookPpl\"><b>Omslagsgrafiker:<\/b> Bettina Kj\u00e6rulff-Smith<\/p>\n<p class=\"bookPpl\"><b>Tegnet af:<\/b> Mette Hjordt<\/p>\n<p>&nbsp;<\/p>\n<p><a href=\"https:\/\/www.partner-ads.com\/dk\/klikbanner.php?partnerid=56685&amp;bannerid=29407&amp;htmlurl=https:\/\/www.gucca.dk\/kun-en-pige-bog-p366838?utm_source=pa&amp;utm_medium=cpc&amp;utm_campaign=pa\">K\u00f8b Hos Gucca Her<\/a><\/p>\n","protected":false},"excerpt":{"rendered":"<p>F\u00f8rste bind af de ber\u00f8mte erindringsb\u00f8ger om Lise N\u00f8rgaards barndom og ungdom i Roskilde, her som indbundet gavebog. Fra f\u00f8dslen &#8211; hvor hun n\u00e6rmest blev betragtet som en fejlleverance &#8211; til hun som atten\u00e5rig kom i l\u00e6re som journalist p\u00e5 Roskilde Dagblad. &#8220;Kun en pige er en storartet s\u00e6deskildring &#8230; Det er desuden en overordentlig [&hellip;]<\/p>\n","protected":false},"featured_media":42,"comment_status":"open","ping_status":"closed","template":"","meta":[],"product_brand":[],"product_cat":[19],"product_tag":[],"class_list":{"0":"post-39","1":"product","2":"type-product","3":"status-publish","4":"has-post-thumbnail","6":"product_cat-boeger","8":"first","9":"instock","10":"shipping-taxable","11":"product-type-simple"},"yoast_head":"<!-- This site is optimized with the Yoast SEO plugin v27.5 - https:\/\/yoast.com\/product\/yoast-seo-wordpress\/ -->\n<title>Kun En Pige - Bog - Find en Ting<\/title>\n<meta name=\"robots\" content=\"index, follow, max-snippet:-1, max-image-preview:large, max-video-preview:-1\" \/>\n<link rel=\"canonical\" href=\"https:\/\/find-en-ting.shop\/?product=kun-en-pige-bog\" \/>\n<meta property=\"og:locale\" content=\"da_DK\" \/>\n<meta property=\"og:type\" content=\"article\" \/>\n<meta property=\"og:title\" content=\"Kun En Pige - Bog - Find en Ting\" \/>\n<meta property=\"og:description\" content=\"F\u00f8rste bind af de ber\u00f8mte erindringsb\u00f8ger om Lise N\u00f8rgaards barndom og ungdom i Roskilde, her som indbundet gavebog. Fra f\u00f8dslen &#8211; hvor hun n\u00e6rmest blev betragtet som en fejlleverance &#8211; til hun som atten\u00e5rig kom i l\u00e6re som journalist p\u00e5 Roskilde Dagblad. &#8220;Kun en pige er en storartet s\u00e6deskildring &#8230; Det er desuden en overordentlig [&hellip;]\" \/>\n<meta property=\"og:url\" content=\"https:\/\/find-en-ting.shop\/?product=kun-en-pige-bog\" \/>\n<meta property=\"og:site_name\" content=\"Find en Ting\" \/>\n<meta property=\"article:modified_time\" content=\"2026-05-01T05:11:55+00:00\" \/>\n<meta property=\"og:image\" content=\"https:\/\/find-en-ting.shop\/wp-content\/uploads\/2026\/05\/kun-en-pige_366838-1.jpg\" \/>\n\t<meta property=\"og:image:width\" content=\"493\" \/>\n\t<meta property=\"og:image:height\" content=\"779\" \/>\n\t<meta property=\"og:image:type\" content=\"image\/jpeg\" \/>\n<meta name=\"twitter:card\" content=\"summary_large_image\" \/>\n<meta name=\"twitter:label1\" content=\"Estimeret l\u00e6setid\" \/>\n\t<meta name=\"twitter:data1\" content=\"1 minut\" \/>\n<script type=\"application\/ld+json\" class=\"yoast-schema-graph\">{\"@context\":\"https:\\\/\\\/schema.org\",\"@graph\":[{\"@type\":\"WebPage\",\"@id\":\"https:\\\/\\\/find-en-ting.shop\\\/?product=kun-en-pige-bog\",\"url\":\"https:\\\/\\\/find-en-ting.shop\\\/?product=kun-en-pige-bog\",\"name\":\"Kun En Pige - Bog - Find en Ting\",\"isPartOf\":{\"@id\":\"https:\\\/\\\/find-en-ting.shop\\\/#website\"},\"primaryImageOfPage\":{\"@id\":\"https:\\\/\\\/find-en-ting.shop\\\/?product=kun-en-pige-bog#primaryimage\"},\"image\":{\"@id\":\"https:\\\/\\\/find-en-ting.shop\\\/?product=kun-en-pige-bog#primaryimage\"},\"thumbnailUrl\":\"https:\\\/\\\/find-en-ting.shop\\\/wp-content\\\/uploads\\\/2026\\\/05\\\/kun-en-pige_366838-1.jpg\",\"datePublished\":\"2026-05-01T05:08:57+00:00\",\"dateModified\":\"2026-05-01T05:11:55+00:00\",\"breadcrumb\":{\"@id\":\"https:\\\/\\\/find-en-ting.shop\\\/?product=kun-en-pige-bog#breadcrumb\"},\"inLanguage\":\"da-DK\",\"potentialAction\":[{\"@type\":\"ReadAction\",\"target\":[\"https:\\\/\\\/find-en-ting.shop\\\/?product=kun-en-pige-bog\"]}]},{\"@type\":\"ImageObject\",\"inLanguage\":\"da-DK\",\"@id\":\"https:\\\/\\\/find-en-ting.shop\\\/?product=kun-en-pige-bog#primaryimage\",\"url\":\"https:\\\/\\\/find-en-ting.shop\\\/wp-content\\\/uploads\\\/2026\\\/05\\\/kun-en-pige_366838-1.jpg\",\"contentUrl\":\"https:\\\/\\\/find-en-ting.shop\\\/wp-content\\\/uploads\\\/2026\\\/05\\\/kun-en-pige_366838-1.jpg\",\"width\":493,\"height\":779},{\"@type\":\"BreadcrumbList\",\"@id\":\"https:\\\/\\\/find-en-ting.shop\\\/?product=kun-en-pige-bog#breadcrumb\",\"itemListElement\":[{\"@type\":\"ListItem\",\"position\":1,\"name\":\"Hjem\",\"item\":\"https:\\\/\\\/find-en-ting.shop\\\/\"},{\"@type\":\"ListItem\",\"position\":2,\"name\":\"Shop\",\"item\":\"https:\\\/\\\/find-en-ting.shop\\\/\"},{\"@type\":\"ListItem\",\"position\":3,\"name\":\"Kun En Pige &#8211; Bog\"}]},{\"@type\":\"WebSite\",\"@id\":\"https:\\\/\\\/find-en-ting.shop\\\/#website\",\"url\":\"https:\\\/\\\/find-en-ting.shop\\\/\",\"name\":\"Find en Ting\",\"description\":\"\",\"potentialAction\":[{\"@type\":\"SearchAction\",\"target\":{\"@type\":\"EntryPoint\",\"urlTemplate\":\"https:\\\/\\\/find-en-ting.shop\\\/?s={search_term_string}\"},\"query-input\":{\"@type\":\"PropertyValueSpecification\",\"valueRequired\":true,\"valueName\":\"search_term_string\"}}],\"inLanguage\":\"da-DK\"}]}<\/script>\n<!-- \/ Yoast SEO plugin. -->","yoast_head_json":{"title":"Kun En Pige - Bog - Find en Ting","robots":{"index":"index","follow":"follow","max-snippet":"max-snippet:-1","max-image-preview":"max-image-preview:large","max-video-preview":"max-video-preview:-1"},"canonical":"https:\/\/find-en-ting.shop\/?product=kun-en-pige-bog","og_locale":"da_DK","og_type":"article","og_title":"Kun En Pige - Bog - Find en Ting","og_description":"F\u00f8rste bind af de ber\u00f8mte erindringsb\u00f8ger om Lise N\u00f8rgaards barndom og ungdom i Roskilde, her som indbundet gavebog. Fra f\u00f8dslen &#8211; hvor hun n\u00e6rmest blev betragtet som en fejlleverance &#8211; til hun som atten\u00e5rig kom i l\u00e6re som journalist p\u00e5 Roskilde Dagblad. &#8220;Kun en pige er en storartet s\u00e6deskildring &#8230; Det er desuden en overordentlig [&hellip;]","og_url":"https:\/\/find-en-ting.shop\/?product=kun-en-pige-bog","og_site_name":"Find en Ting","article_modified_time":"2026-05-01T05:11:55+00:00","og_image":[{"width":493,"height":779,"url":"https:\/\/find-en-ting.shop\/wp-content\/uploads\/2026\/05\/kun-en-pige_366838-1.jpg","type":"image\/jpeg"}],"twitter_card":"summary_large_image","twitter_misc":{"Estimeret l\u00e6setid":"1 minut"},"schema":{"@context":"https:\/\/schema.org","@graph":[{"@type":"WebPage","@id":"https:\/\/find-en-ting.shop\/?product=kun-en-pige-bog","url":"https:\/\/find-en-ting.shop\/?product=kun-en-pige-bog","name":"Kun En Pige - Bog - Find en Ting","isPartOf":{"@id":"https:\/\/find-en-ting.shop\/#website"},"primaryImageOfPage":{"@id":"https:\/\/find-en-ting.shop\/?product=kun-en-pige-bog#primaryimage"},"image":{"@id":"https:\/\/find-en-ting.shop\/?product=kun-en-pige-bog#primaryimage"},"thumbnailUrl":"https:\/\/find-en-ting.shop\/wp-content\/uploads\/2026\/05\/kun-en-pige_366838-1.jpg","datePublished":"2026-05-01T05:08:57+00:00","dateModified":"2026-05-01T05:11:55+00:00","breadcrumb":{"@id":"https:\/\/find-en-ting.shop\/?product=kun-en-pige-bog#breadcrumb"},"inLanguage":"da-DK","potentialAction":[{"@type":"ReadAction","target":["https:\/\/find-en-ting.shop\/?product=kun-en-pige-bog"]}]},{"@type":"ImageObject","inLanguage":"da-DK","@id":"https:\/\/find-en-ting.shop\/?product=kun-en-pige-bog#primaryimage","url":"https:\/\/find-en-ting.shop\/wp-content\/uploads\/2026\/05\/kun-en-pige_366838-1.jpg","contentUrl":"https:\/\/find-en-ting.shop\/wp-content\/uploads\/2026\/05\/kun-en-pige_366838-1.jpg","width":493,"height":779},{"@type":"BreadcrumbList","@id":"https:\/\/find-en-ting.shop\/?product=kun-en-pige-bog#breadcrumb","itemListElement":[{"@type":"ListItem","position":1,"name":"Hjem","item":"https:\/\/find-en-ting.shop\/"},{"@type":"ListItem","position":2,"name":"Shop","item":"https:\/\/find-en-ting.shop\/"},{"@type":"ListItem","position":3,"name":"Kun En Pige &#8211; Bog"}]},{"@type":"WebSite","@id":"https:\/\/find-en-ting.shop\/#website","url":"https:\/\/find-en-ting.shop\/","name":"Find en Ting","description":"","potentialAction":[{"@type":"SearchAction","target":{"@type":"EntryPoint","urlTemplate":"https:\/\/find-en-ting.shop\/?s={search_term_string}"},"query-input":{"@type":"PropertyValueSpecification","valueRequired":true,"valueName":"search_term_string"}}],"inLanguage":"da-DK"}]}},"_links":{"self":[{"href":"https:\/\/find-en-ting.shop\/index.php?rest_route=\/wp\/v2\/product\/39","targetHints":{"allow":["GET"]}}],"collection":[{"href":"https:\/\/find-en-ting.shop\/index.php?rest_route=\/wp\/v2\/product"}],"about":[{"href":"https:\/\/find-en-ting.shop\/index.php?rest_route=\/wp\/v2\/types\/product"}],"replies":[{"embeddable":true,"href":"https:\/\/find-en-ting.shop\/index.php?rest_route=%2Fwp%2Fv2%2Fcomments&post=39"}],"wp:featuredmedia":[{"embeddable":true,"href":"https:\/\/find-en-ting.shop\/index.php?rest_route=\/wp\/v2\/media\/42"}],"wp:attachment":[{"href":"https:\/\/find-en-ting.shop\/index.php?rest_route=%2Fwp%2Fv2%2Fmedia&parent=39"}],"wp:term":[{"taxonomy":"product_brand","embeddable":true,"href":"https:\/\/find-en-ting.shop\/index.php?rest_route=%2Fwp%2Fv2%2Fproduct_brand&post=39"},{"taxonomy":"product_cat","embeddable":true,"href":"https:\/\/find-en-ting.shop\/index.php?rest_route=%2Fwp%2Fv2%2Fproduct_cat&post=39"},{"taxonomy":"product_tag","embeddable":true,"href":"https:\/\/find-en-ting.shop\/index.php?rest_route=%2Fwp%2Fv2%2Fproduct_tag&post=39"}],"curies":[{"name":"wp","href":"https:\/\/api.w.org\/{rel}","templated":true}]}}